{"id":53,"date":"2014-12-17T19:39:21","date_gmt":"2014-12-17T18:39:21","guid":{"rendered":"http:\/\/bernarddelepine.fr\/?page_id=53"},"modified":"2016-03-30T09:39:39","modified_gmt":"2016-03-30T08:39:39","slug":"resume-35-ans-de-vie","status":"publish","type":"page","link":"https:\/\/bernarddelepine.fr\/?page_id=53","title":{"rendered":"\u00ab\u00a035 ans de vie\u00a0\u00bb"},"content":{"rendered":"<h3><a title=\"r\u00e9sum\u00e9 \u00ab\u00a035 ans de vie\u00a0\u00bb\" href=\"https:\/\/www.dropbox.com\/s\/xd8js4kdzmjeqbo\/r%C3%A9sum%C3%A9%20de%2035%20ans%20de%20vie.mpg?n=203229954\" target=\"_blank\"><strong>Cliquez sur ce lien pour voir la petite vid\u00e9o faite \u00e0 l&rsquo;occasion de l\u2019arr\u00eat du minist\u00e8re pastoral en paroisse du pasteur Bernard Del\u00e9pine<\/strong><\/a><\/h3>\n<p>elle a \u00e9t\u00e9 suivie d&rsquo;un t\u00e9moignage personnel oral &#8211;\u00a0 Voici ce qu&rsquo;en a rapport\u00e9 un journaliste du <em>Courrier de l&rsquo;Ouest<\/em><\/p>\n<blockquote><p><strong>Les adieux du pasteur du c\u0153ur<\/strong><br \/>\n<strong>Le pasteur Bernard Del\u00e9pine tire un trait sur 34 ans de minist\u00e8re \u00e0 l&rsquo;\u00e9glise protestante Baptiste d&rsquo;Angers qu&rsquo;il a fond\u00e9e en 1980. Avec passion, humour, gravit\u00e9, humilit\u00e9 et fraternit\u00e9, bien s\u00fbr.<\/strong><\/p>\n<p>Ses petits-enfants, bient\u00f4t huit, lui donnent du pap\u00e9. \u00ab Parce que \u00e7a fait plus jeune que papy ! \u00bb. Ses ouailles l&rsquo;appellent Bernard. Parce que tout le monde l&rsquo;appelle Bernard. C&rsquo;est ainsi et \u00e7a lui va tellement bien cette proximit\u00e9, cette connivence, cette familiarit\u00e9 qu&rsquo;il entretient avec une d\u00e9contraction naturelle.<br \/>\nSamedi dernier, la grande famille du pasteur Bernard Del\u00e9pine \u00e9tait r\u00e9unie en l&rsquo;\u00e9glise protestante Baptiste d&rsquo;Angers pour les \u00abadieux\u00bb de son fondateur. &#8211; \u00ab Un pionnier \u00bb, selon Michel, un proche. &#8211; \u00ab Un homme de conviction avec un c\u0153ur gros comme \u00e7a ! Un homme qui n&rsquo;est pas dans le discours mais dans les actes \u00bb, jure Marie, une b\u00e9n\u00e9vole. &#8211; \u00ab Un papa qui nous a fait comprendre qu&rsquo;on pouvait apporter beaucoup d&rsquo;amour aux gens \u00bb, sourit Priscille, l&rsquo;une des deux filles du pasteur Del\u00e9pine. Bernard Del\u00e9pine a quatre enfants qui lui ont tous rendu un vibrant hommage. En musique pour Claire, Priscille et Timoth\u00e9. En vid\u00e9o pour Etienne, l&rsquo;a\u00een\u00e9, retenu sur Montpellier.<\/p>\n<p>Apr\u00e8s 34 ans d&rsquo;un incroyable minist\u00e8re aux c\u00f4t\u00e9s de Dani\u00e8le, son \u00e9pouse, Bernard a donc pris sa retraite administrative. \u00ab Oui, un pasteur a le droit de prendre sa retraite \u00e0 60 ans \u00bb, plaisante l&rsquo;homme d&rsquo;\u00e9glise avec l&rsquo;\u0153il qui p\u00e9tille et ce petit quelque chose de l&rsquo;acteur modeste et g\u00e9nial, Jacques Gamblin.<\/p>\n<p><em>Ado, il s&rsquo;\u00e9tait Jur\u00e9 de tuer son p\u00e8re<\/em><br \/>\n\u00ab Ce ne sera pas du repos, ce sera du recul. J&rsquo;ai envie de vivre un autre type de minist\u00e8re mais il va falloir que je fasse le tri dans tout ce que j&rsquo;ai envie de faire. J&rsquo;ai envie de r\u00e9fl\u00e9chir, d&rsquo;\u00e9crire, aussi. Pas sur ma vie, mais pour transmettre \u00bb, explique le pasteur angevin.<br \/>\nSa vie est pourtant un roman. Et pas tout rose comme la chemise qu&rsquo;il porte sans cravate pour tirer sa r\u00e9v\u00e9rence. Le roman de son adolescence alsacienne est m\u00eame bien noir. Il y a ce p\u00e8re tr\u00e8s violent qu&rsquo;il s&rsquo;est jur\u00e9 de tuer. \u00ab Je suis devenu aum\u00f4nier \u00e0 la prison mais j&rsquo;ai longtemps cru que je finirai derri\u00e8re les barreaux parce que j&rsquo;aurais tu\u00e9 mon p\u00e8re. Je m&rsquo;y \u00e9tals d&rsquo;ailleurs pr\u00e9par\u00e9 en devenant bagarreur. \u00bb Il y a cette m\u00e8re battue \u00e0 qui Il rend visite \u00e0 l&rsquo;h\u00f4pital et qu&rsquo;il d\u00e9couvre attach\u00e9e \u00e0 son lit et compl\u00e8tement drogu\u00e9e. Le petit Bernard a douze ans. Il y a ces trajets en stop \u00e0 14 ans avec un poignard planqu\u00e9 dans ses chaussettes pour pouvoir se d\u00e9fendre en cas de mauvaises rencontres. Il y a cet apprentissage esclavagiste dans une boulangerie, cette mansarde non chauff\u00e9e o\u00f9 il vivait.<\/p>\n<p><strong><em>Au c\u0153ur du social<\/em><\/strong><br \/>\nLa vie de Bernard Del\u00e9pine, c&rsquo;est celle de Cosette ! Une vie de mis\u00e8re Jusqu&rsquo;\u00e0 sa rencontre avec le Christ. D&rsquo;abord sous les traits de la fille du pasteur qu&rsquo;il va draguer \u00e0 l&rsquo;\u00e9glise. S\u00e9rieusement, ensuite. Visc\u00e9ralement, enfin. Parti de rien, parti de loin &#8211; \u00ab \u00e0 16 ans, je ne savais pas bien lire \u00bb, l&rsquo;Alsacien s&rsquo;est transform\u00e9, s&rsquo;est fa\u00e7onn\u00e9 en homme de bien. \u00ab J&rsquo;ai l&rsquo;impression d&rsquo;avoir rivalis\u00e9 avec un cheval \u00bb, image-t-il en se retournant sur son parcours.<\/p>\n<p><em><strong>Un parcours tourn\u00e9 vers les autres.<\/strong> <\/em><\/p>\n<p>Vers les croyants avec la cr\u00e9ation de l&rsquo;\u00e9glise protestante Baptiste d&rsquo;Angers, d&rsquo;abord dans son appartement, puis dans les locaux r\u00e9nov\u00e9s \u00e0 l&rsquo;huile de coude d&rsquo;une ancienne menuiserie rue du Colombier. Vers les pauvres et les n\u00e9cessiteux avec la naissance de la Fraternit\u00e9 et de Croq&rsquo;Etudlants. Vers les malades, les malades mentaux et les prisonniers avec ses visites \u00e0 la maison d&rsquo;arr\u00eat d&rsquo;Angers, au CHU et au CESAME. En 1995, Bernard Del\u00e9pine va Jusqu&rsquo;\u00e0 accueillir chez lui un prisonnier malade du Sida en phase terminale dont Il a obtenu la gr\u00e2ce. En 1995 ! \u00ab C&rsquo;est vrai qu&rsquo;on ne savait pas tout de la transmission de la maladie \u00e0 cette \u00e9poque \u00bb, se souvient l&rsquo;homme de foi. \u00ab <em><strong>Je suis fait pour les autres. Je ne con\u00e7ois pas ma vie sans \u00eatre au c\u0153ur des actions sociales<\/strong><\/em>. J&rsquo;ai beaucoup aim\u00e9 \u00eatre pasteur mais j&rsquo;ai autant aim\u00e9 \u00eatre aum\u00f4nier de prison\u00bb, assume-t-il.<\/p>\n<p>Sa succession, elle, ne va pas \u00eatre simple \u00e0 assumer.<\/p>\n\n\t\t<style type=\"text\/css\">\n\t\t\t#gallery-1 {\n\t\t\t\tmargin: auto;\n\t\t\t}\n\t\t\t#gallery-1 .gallery-item {\n\t\t\t\tfloat: left;\n\t\t\t\tmargin-top: 10px;\n\t\t\t\ttext-align: center;\n\t\t\t\twidth: 50%;\n\t\t\t}\n\t\t\t#gallery-1 img {\n\t\t\t\tborder: 2px solid #cfcfcf;\n\t\t\t}\n\t\t\t#gallery-1 .gallery-caption {\n\t\t\t\tmargin-left: 0;\n\t\t\t}\n\t\t\t\/* see gallery_shortcode() in wp-includes\/media.php *\/\n\t\t<\/style>\n\t\t<div id='gallery-1' class='gallery galleryid-53 gallery-columns-2 gallery-size-medium'><dl class='gallery-item'>\n\t\t\t<dt class='gallery-icon landscape'>\n\t\t\t\t<a href='https:\/\/bernarddelepine.fr\/?attachment_id=61'><img loading=\"lazy\" decoding=\"async\" width=\"300\" height=\"260\" src=\"https:\/\/bernarddelepine.fr\/wp-content\/uploads\/2014\/12\/C\u00e9r\u00e9monie-d\u00e9part-pasteur-du-Colombier-copie-300x260.jpg\" class=\"attachment-medium size-medium\" alt=\"\" aria-describedby=\"gallery-1-61\" srcset=\"https:\/\/bernarddelepine.fr\/wp-content\/uploads\/2014\/12\/C\u00e9r\u00e9monie-d\u00e9part-pasteur-du-Colombier-copie-300x260.jpg 300w, https:\/\/bernarddelepine.fr\/wp-content\/uploads\/2014\/12\/C\u00e9r\u00e9monie-d\u00e9part-pasteur-du-Colombier-copie-150x130.jpg 150w, https:\/\/bernarddelepine.fr\/wp-content\/uploads\/2014\/12\/C\u00e9r\u00e9monie-d\u00e9part-pasteur-du-Colombier-copie-1024x887.jpg 1024w\" sizes=\"auto, (max-width: 300px) 100vw, 300px\" \/><\/a>\n\t\t\t<\/dt>\n\t\t\t\t<dd class='wp-caption-text gallery-caption' id='gallery-1-61'>\n\t\t\t\tBernard t\u00e9moigne de son parcours de vie\n\t\t\t\t<\/dd><\/dl><dl class='gallery-item'>\n\t\t\t<dt class='gallery-icon landscape'>\n\t\t\t\t<a href='https:\/\/bernarddelepine.fr\/?attachment_id=62'><img loading=\"lazy\" decoding=\"async\" width=\"300\" height=\"277\" src=\"https:\/\/bernarddelepine.fr\/wp-content\/uploads\/2014\/12\/C\u00e9r\u00e9monie-de-d\u00e9part-en-tant-que-pasteur-copie-300x277.jpg\" class=\"attachment-medium size-medium\" alt=\"\" aria-describedby=\"gallery-1-62\" srcset=\"https:\/\/bernarddelepine.fr\/wp-content\/uploads\/2014\/12\/C\u00e9r\u00e9monie-de-d\u00e9part-en-tant-que-pasteur-copie-300x277.jpg 300w, https:\/\/bernarddelepine.fr\/wp-content\/uploads\/2014\/12\/C\u00e9r\u00e9monie-de-d\u00e9part-en-tant-que-pasteur-copie-150x138.jpg 150w, https:\/\/bernarddelepine.fr\/wp-content\/uploads\/2014\/12\/C\u00e9r\u00e9monie-de-d\u00e9part-en-tant-que-pasteur-copie-1024x947.jpg 1024w\" sizes=\"auto, (max-width: 300px) 100vw, 300px\" \/><\/a>\n\t\t\t<\/dt>\n\t\t\t\t<dd class='wp-caption-text gallery-caption' id='gallery-1-62'>\n\t\t\t\tBernard Del\u00e9pine entour\u00e9 du nouveau et de l&rsquo;ancien maires d&rsquo;Angers\n\t\t\t\t<\/dd><\/dl><br style=\"clear: both\" \/>\n\t\t<\/div>\n\n<p>&nbsp;<\/p>\n<p>&nbsp;<\/p><\/blockquote>\n<p>&nbsp;<\/p>\n<p>&nbsp;<\/p>\n<p>&nbsp;<\/p>\n<p>&nbsp;<\/p>\n<p>&nbsp;<\/p>\n<p>&nbsp;<\/p>\n","protected":false},"excerpt":{"rendered":"<p>Cliquez sur ce lien pour voir la petite vid\u00e9o faite \u00e0 l&rsquo;occasion de l\u2019arr\u00eat du minist\u00e8re pastoral en paroisse du pasteur Bernard Del\u00e9pine elle a \u00e9t\u00e9 suivie d&rsquo;un t\u00e9moignage personnel oral &#8211;\u00a0 Voici ce qu&rsquo;en a rapport\u00e9 un journaliste du &hellip; <a href=\"https:\/\/bernarddelepine.fr\/?page_id=53\">Continuer la lecture <span class=\"meta-nav\">&rarr;<\/span><\/a><\/p>\n","protected":false},"author":1,"featured_media":0,"parent":0,"menu_order":0,"comment_status":"closed","ping_status":"closed","template":"","meta":{"footnotes":""},"class_list":["post-53","page","type-page","status-publish","hentry"],"wppr_data":[],"jetpack_sharing_enabled":true,"_links":{"self":[{"href":"https:\/\/bernarddelepine.fr\/index.php?rest_route=\/wp\/v2\/pages\/53","targetHints":{"allow":["GET"]}}],"collection":[{"href":"https:\/\/bernarddelepine.fr\/index.php?rest_route=\/wp\/v2\/pages"}],"about":[{"href":"https:\/\/bernarddelepine.fr\/index.php?rest_route=\/wp\/v2\/types\/page"}],"author":[{"embeddable":true,"href":"https:\/\/bernarddelepine.fr\/index.php?rest_route=\/wp\/v2\/users\/1"}],"replies":[{"embeddable":true,"href":"https:\/\/bernarddelepine.fr\/index.php?rest_route=%2Fwp%2Fv2%2Fcomments&post=53"}],"version-history":[{"count":15,"href":"https:\/\/bernarddelepine.fr\/index.php?rest_route=\/wp\/v2\/pages\/53\/revisions"}],"predecessor-version":[{"id":675,"href":"https:\/\/bernarddelepine.fr\/index.php?rest_route=\/wp\/v2\/pages\/53\/revisions\/675"}],"wp:attachment":[{"href":"https:\/\/bernarddelepine.fr\/index.php?rest_route=%2Fwp%2Fv2%2Fmedia&parent=53"}],"curies":[{"name":"wp","href":"https:\/\/api.w.org\/{rel}","templated":true}]}}