{"id":310,"date":"2015-02-05T18:28:38","date_gmt":"2015-02-05T17:28:38","guid":{"rendered":"http:\/\/bernarddelepine.fr\/?page_id=310"},"modified":"2015-02-05T18:28:38","modified_gmt":"2015-02-05T17:28:38","slug":"film-jesus","status":"publish","type":"page","link":"https:\/\/bernarddelepine.fr\/?page_id=310","title":{"rendered":"Film J\u00e9sus"},"content":{"rendered":"<h2>En cliquant <a title=\"Film J\u00e9sus\" href=\"https:\/\/www.youtube.com\/watch?v=oY5W0c_rp14\" target=\"_blank\">ICI,<\/a> d\u00e9couvrez la vie de J\u00e9sus de Nazareth selon l&rsquo;\u00e9vangile \u00e9crit par Luc qui \u00e9tait m\u00e9decin.<\/h2>\n<h3 style=\"text-align: center;\"><\/h3>\n<h3 style=\"text-align: center;\"><em><strong>C&rsquo;est l&rsquo;histoire de l&rsquo;Homme qui bouleverse l&rsquo;histoire des hommes<\/strong><\/em><\/h3>\n<p>&nbsp;<\/p>\n<p>Luc \u00e9crit comme un journaliste apr\u00e8s avoir men\u00e9 une enqu\u00eate pouss\u00e9e sur un sujet. Dans ce film, point de romance \u00e0 l&rsquo;eau de rose, on peut presque lire le texte mot \u00e0 mot. Afin de ne pas \u00eatre trop long, le r\u00e9alisateur a choisi des \u00e9pisodes significatifs de la vie de J\u00e9sus.<\/p>\n<p>Pour une meilleure compr\u00e9hension de l&rsquo;histoire de l&rsquo;Humanit\u00e9, dans la version que je vous propose, l&rsquo;association Agap\u00e9 a ajout\u00e9 un pr\u00e9ambule, le film commence donc par la cr\u00e9ation. Je vous souhaite un excellent moment devant ce film.<\/p>\n\n\t\t<style type=\"text\/css\">\n\t\t\t#gallery-1 {\n\t\t\t\tmargin: auto;\n\t\t\t}\n\t\t\t#gallery-1 .gallery-item {\n\t\t\t\tfloat: left;\n\t\t\t\tmargin-top: 10px;\n\t\t\t\ttext-align: center;\n\t\t\t\twidth: 33%;\n\t\t\t}\n\t\t\t#gallery-1 img {\n\t\t\t\tborder: 2px solid #cfcfcf;\n\t\t\t}\n\t\t\t#gallery-1 .gallery-caption {\n\t\t\t\tmargin-left: 0;\n\t\t\t}\n\t\t\t\/* see gallery_shortcode() in wp-includes\/media.php *\/\n\t\t<\/style>\n\t\t<div id='gallery-1' class='gallery galleryid-310 gallery-columns-3 gallery-size-thumbnail'><dl class='gallery-item'>\n\t\t\t<dt class='gallery-icon landscape'>\n\t\t\t\t<a href='https:\/\/bernarddelepine.fr\/?attachment_id=317'><img loading=\"lazy\" decoding=\"async\" width=\"150\" height=\"84\" src=\"https:\/\/bernarddelepine.fr\/wp-content\/uploads\/2015\/02\/j\u00e9sus-sourir-150x84.jpg\" class=\"attachment-thumbnail size-thumbnail\" alt=\"\" aria-describedby=\"gallery-1-317\" srcset=\"https:\/\/bernarddelepine.fr\/wp-content\/uploads\/2015\/02\/j\u00e9sus-sourir-150x84.jpg 150w, https:\/\/bernarddelepine.fr\/wp-content\/uploads\/2015\/02\/j\u00e9sus-sourir-300x168.jpg 300w, https:\/\/bernarddelepine.fr\/wp-content\/uploads\/2015\/02\/j\u00e9sus-sourir.jpg 320w\" sizes=\"auto, (max-width: 150px) 100vw, 150px\" \/><\/a>\n\t\t\t<\/dt>\n\t\t\t\t<dd class='wp-caption-text gallery-caption' id='gallery-1-317'>\n\t\t\t\tles yeux et le sourire en disent long\n\t\t\t\t<\/dd><\/dl><dl class='gallery-item'>\n\t\t\t<dt class='gallery-icon landscape'>\n\t\t\t\t<a href='https:\/\/bernarddelepine.fr\/?attachment_id=313'><img loading=\"lazy\" decoding=\"async\" width=\"150\" height=\"112\" src=\"https:\/\/bernarddelepine.fr\/wp-content\/uploads\/2015\/02\/j\u00e9sus-marie-150x112.jpg\" class=\"attachment-thumbnail size-thumbnail\" alt=\"\" aria-describedby=\"gallery-1-313\" srcset=\"https:\/\/bernarddelepine.fr\/wp-content\/uploads\/2015\/02\/j\u00e9sus-marie-150x112.jpg 150w, https:\/\/bernarddelepine.fr\/wp-content\/uploads\/2015\/02\/j\u00e9sus-marie.jpg 259w\" sizes=\"auto, (max-width: 150px) 100vw, 150px\" \/><\/a>\n\t\t\t<\/dt>\n\t\t\t\t<dd class='wp-caption-text gallery-caption' id='gallery-1-313'>\n\t\t\t\tEnfin libre avec J\u00e9sus\n\t\t\t\t<\/dd><\/dl><dl class='gallery-item'>\n\t\t\t<dt class='gallery-icon landscape'>\n\t\t\t\t<a href='https:\/\/bernarddelepine.fr\/?attachment_id=314'><img loading=\"lazy\" decoding=\"async\" width=\"150\" height=\"112\" src=\"https:\/\/bernarddelepine.fr\/wp-content\/uploads\/2015\/02\/j\u00e9sus-prostitu\u00e9e-150x112.jpg\" class=\"attachment-thumbnail size-thumbnail\" alt=\"\" aria-describedby=\"gallery-1-314\" srcset=\"https:\/\/bernarddelepine.fr\/wp-content\/uploads\/2015\/02\/j\u00e9sus-prostitu\u00e9e-150x112.jpg 150w, https:\/\/bernarddelepine.fr\/wp-content\/uploads\/2015\/02\/j\u00e9sus-prostitu\u00e9e.jpg 259w\" sizes=\"auto, (max-width: 150px) 100vw, 150px\" \/><\/a>\n\t\t\t<\/dt>\n\t\t\t\t<dd class='wp-caption-text gallery-caption' id='gallery-1-314'>\n\t\t\t\tJ\u00e9sus au cot\u00e9 d&rsquo;une prostitu\u00e9e rejett\u00e9e\n\t\t\t\t<\/dd><\/dl><br style=\"clear: both\" \/><dl class='gallery-item'>\n\t\t\t<dt class='gallery-icon landscape'>\n\t\t\t\t<a href='https:\/\/bernarddelepine.fr\/?attachment_id=312'><img loading=\"lazy\" decoding=\"async\" width=\"150\" height=\"112\" src=\"https:\/\/bernarddelepine.fr\/wp-content\/uploads\/2015\/02\/j\u00e9sus-enfant-150x112.jpg\" class=\"attachment-thumbnail size-thumbnail\" alt=\"\" aria-describedby=\"gallery-1-312\" srcset=\"https:\/\/bernarddelepine.fr\/wp-content\/uploads\/2015\/02\/j\u00e9sus-enfant-150x112.jpg 150w, https:\/\/bernarddelepine.fr\/wp-content\/uploads\/2015\/02\/j\u00e9sus-enfant.jpg 259w\" sizes=\"auto, (max-width: 150px) 100vw, 150px\" \/><\/a>\n\t\t\t<\/dt>\n\t\t\t\t<dd class='wp-caption-text gallery-caption' id='gallery-1-312'>\n\t\t\t\tJ\u00e9sus, l&rsquo;ami des enfants\n\t\t\t\t<\/dd><\/dl><dl class='gallery-item'>\n\t\t\t<dt class='gallery-icon landscape'>\n\t\t\t\t<a href='https:\/\/bernarddelepine.fr\/?attachment_id=311'><img loading=\"lazy\" decoding=\"async\" width=\"150\" height=\"113\" src=\"https:\/\/bernarddelepine.fr\/wp-content\/uploads\/2015\/02\/j\u00e9sus-colombe-150x113.jpg\" class=\"attachment-thumbnail size-thumbnail\" alt=\"\" aria-describedby=\"gallery-1-311\" srcset=\"https:\/\/bernarddelepine.fr\/wp-content\/uploads\/2015\/02\/j\u00e9sus-colombe-150x113.jpg 150w, https:\/\/bernarddelepine.fr\/wp-content\/uploads\/2015\/02\/j\u00e9sus-colombe.jpg 258w\" sizes=\"auto, (max-width: 150px) 100vw, 150px\" \/><\/a>\n\t\t\t<\/dt>\n\t\t\t\t<dd class='wp-caption-text gallery-caption' id='gallery-1-311'>\n\t\t\t\tJ\u00e9sus et la colombe\n\t\t\t\t<\/dd><\/dl>\n\t\t\t<br style='clear: both' \/>\n\t\t<\/div>\n\n<p>&nbsp;<\/p>\n","protected":false},"excerpt":{"rendered":"<p>En cliquant ICI, d\u00e9couvrez la vie de J\u00e9sus de Nazareth selon l&rsquo;\u00e9vangile \u00e9crit par Luc qui \u00e9tait m\u00e9decin. C&rsquo;est l&rsquo;histoire de l&rsquo;Homme qui bouleverse l&rsquo;histoire des hommes &nbsp; Luc \u00e9crit comme un journaliste apr\u00e8s avoir men\u00e9 une enqu\u00eate pouss\u00e9e sur &hellip; <a href=\"https:\/\/bernarddelepine.fr\/?page_id=310\">Continuer la lecture <span class=\"meta-nav\">&rarr;<\/span><\/a><\/p>\n","protected":false},"author":1,"featured_media":0,"parent":0,"menu_order":0,"comment_status":"open","ping_status":"closed","template":"","meta":{"footnotes":""},"class_list":["post-310","page","type-page","status-publish","hentry"],"wppr_data":[],"jetpack_sharing_enabled":true,"_links":{"self":[{"href":"https:\/\/bernarddelepine.fr\/index.php?rest_route=\/wp\/v2\/pages\/310","targetHints":{"allow":["GET"]}}],"collection":[{"href":"https:\/\/bernarddelepine.fr\/index.php?rest_route=\/wp\/v2\/pages"}],"about":[{"href":"https:\/\/bernarddelepine.fr\/index.php?rest_route=\/wp\/v2\/types\/page"}],"author":[{"embeddable":true,"href":"https:\/\/bernarddelepine.fr\/index.php?rest_route=\/wp\/v2\/users\/1"}],"replies":[{"embeddable":true,"href":"https:\/\/bernarddelepine.fr\/index.php?rest_route=%2Fwp%2Fv2%2Fcomments&post=310"}],"version-history":[{"count":1,"href":"https:\/\/bernarddelepine.fr\/index.php?rest_route=\/wp\/v2\/pages\/310\/revisions"}],"predecessor-version":[{"id":318,"href":"https:\/\/bernarddelepine.fr\/index.php?rest_route=\/wp\/v2\/pages\/310\/revisions\/318"}],"wp:attachment":[{"href":"https:\/\/bernarddelepine.fr\/index.php?rest_route=%2Fwp%2Fv2%2Fmedia&parent=310"}],"curies":[{"name":"wp","href":"https:\/\/api.w.org\/{rel}","templated":true}]}}