{"id":2,"date":"2014-12-11T19:42:25","date_gmt":"2014-12-11T19:42:25","guid":{"rendered":"http:\/\/http:\/\/bernarddelepine.fr\/"},"modified":"2020-08-12T13:13:56","modified_gmt":"2020-08-12T12:13:56","slug":"sample-page","status":"publish","type":"page","link":"https:\/\/bernarddelepine.fr\/?page_id=2","title":{"rendered":"But"},"content":{"rendered":"<p>Ce site est celui de Bernard Del\u00e9pine, pasteur-fondateur d&rsquo;\u00e9glises ; d&rsquo;actions sociales ; aum\u00f4nier protestant en milieu carc\u00e9ral, de la sant\u00e9 physique et mentale, aux Arm\u00e9es ; &#8230; pour ne citer que ces quelques aspects de ses engagements.<\/p>\n<p><strong>Le but principal de ce site n&rsquo;est pas la mise en avant d&rsquo;une personne mais d&rsquo;ENCOURAGER toutes celles qui viendront lire les diverses rubriques. <\/strong><\/p>\n<p>L&rsquo;id\u00e9e du site est de pr\u00e9senter un itin\u00e9raire particulier, des r\u00e9siliences concr\u00e9tis\u00e9es, des facettes tr\u00e8s diverses de la vie humaine,&#8230;<\/p>\n<h5>&nbsp;<strong>Pour qui ?<\/strong><\/h5>\n<p>Ce site est destin\u00e9 \u00e0 \u00ab\u00a0<em>monsieur, madame, mademoiselle tout le monde\u00a0\u00bb<\/em>, chacun &#8211; croyant ou non &#8211; pourra y trouver mati\u00e8re \u00e0 r\u00e9flexion.En effet, Bernard a le regard et le c\u0153ur tourn\u00e9s vers chacun.<\/p>\n<p>Le statut social importe gu\u00e8re, il se sent \u00e0 l&rsquo;aise avec le SDF, le d\u00e9tenu, le laisser pour compte comme il l&rsquo;est avec le Ministre, le Pr\u00e9fet, le Maire. Pour lui, avant le statut social, la personne reste une personne&#8230;<\/p>\n<p>Qu&rsquo;importe si la personne est religieuse et de quelle religion,qu&rsquo;importe si elle est ath\u00e9e ou agnostique. Il a \u00e9t\u00e9 vers chacun, dans les rues, dans les prisons, \u00e0 l&rsquo;h\u00f4pital ou ailleurs&#8230; Pour lui, avant son mode de pens\u00e9e, une personne reste une personne&#8230;<\/p>\n<p>La diff\u00e9rence de culture est une richesse si nous ne sommes pas enferm\u00e9s dans la n\u00f4tre, ainsi il s&rsquo;est senti \u00e0 l&rsquo;aise dans la brousse, en Afrique comme en Guyane. Lorsqu&rsquo;il demande \u00e0 une personne d&rsquo;o\u00f9 elle vient, c&rsquo;est le plus souvent pour \u00eatre enrichi de sa culture, de son v\u00e9cu ailleurs car avant sa culture, une personne reste une personne, une personne int\u00e9ressante !<\/p>\n<p>&#8230; Une personne avec ses joies, ses souffrances, son parcours, ses \u00e9motions, ses traumatismes, ses doutes, sa fragilit\u00e9, ses carences, voire sa vanit\u00e9. Qui peut pr\u00e9tendre \u00eatre un surhomme ou une sur-femme ? On peut avoir un statut social et professionnel tr\u00e8s \u00e9lev\u00e9, bien en vue, avoir des moyens financiers consid\u00e9rables, on reste n\u00e9anmoins une personne vuln\u00e9rable&#8230; comme tout \u00e0 chacun ! A l&rsquo;oppos\u00e9, celui qui a l&rsquo;impression d&rsquo;\u00eatre \u00ab\u00a0tomb\u00e9 si bas qu&rsquo;il a atteint le fond de la d\u00e9ch\u00e9ance et du rejet\u00a0\u00bb, a encore et toujours de la valeur, il est encore et toujours digne d&rsquo;\u00eatre aim\u00e9 et appr\u00e9ci\u00e9 !<\/p>\n<h5>&nbsp;<strong>Pour-quoi ?<br \/>\n<\/strong><\/h5>\n<p>Il y a une telle diff\u00e9rence entre le \u00ab\u00a0pourquoi\u00a0\u00bb et le \u00ab\u00a0pour-quoi\u00a0\u00bb. Si le premier est une interrogation qui suscite une r\u00e9ponse &#8211; que l&rsquo;on ne re\u00e7oit pas toujours et parfois jamais &#8211; le second a une connotation plus particuli\u00e8re dans le style \u00ab\u00a0qu&rsquo;est-ce que je vais bien pouvoir tirer comme enseignement pour ma vie ou celle des autres au travers de ce que je vois, j&rsquo;entends, je ressens, je fais, je vis&#8230; Comment rendre positif pour moi-m\u00eame et les autres ce qui m&rsquo;arrive au quotidien, m\u00eame les situations les plus compliqu\u00e9es ou dramatiques. Pour ne prendre que le seul exemple de la souffrance, Bernard a la conviction qu&rsquo;elle ne doit jamais \u00eatre st\u00e9rile mais porteuse d&rsquo;esp\u00e9rance et elle le peut &#8230; si on ne s&rsquo;enferme pas dedans mais qu&rsquo;on s&rsquo;en lib\u00e8re&#8230;<\/p>\n<p>&nbsp;<\/p>\n<p>En tout cela, plus qu&rsquo;une d\u00e9marche philosophique, c&rsquo;est <strong>un style de vie <\/strong>qu&rsquo;il vous invite<strong> \u00e0 d\u00e9couvrir <\/strong>dans ce site.<\/p>\n<p><a href=\"http:\/\/bernarddelepine.fr\/wp-content\/uploads\/2014\/12\/Bernard-Del\u00e9pine-copie.jpg\"><img loading=\"lazy\" decoding=\"async\" class=\"alignnone size-medium wp-image-12\" src=\"http:\/\/bernarddelepine.fr\/wp-content\/uploads\/2014\/12\/Bernard-Del\u00e9pine-copie-300x247.jpg\" alt=\"Bernard Del\u00e9pine copie\" width=\"300\" height=\"247\" srcset=\"https:\/\/bernarddelepine.fr\/wp-content\/uploads\/2014\/12\/Bernard-Del\u00e9pine-copie-300x247.jpg 300w, https:\/\/bernarddelepine.fr\/wp-content\/uploads\/2014\/12\/Bernard-Del\u00e9pine-copie-1024x843.jpg 1024w, https:\/\/bernarddelepine.fr\/wp-content\/uploads\/2014\/12\/Bernard-Del\u00e9pine-copie.jpg 1752w\" sizes=\"auto, (max-width: 300px) 100vw, 300px\" \/><\/a><\/p>\n","protected":false},"excerpt":{"rendered":"<p>Ce site est celui de Bernard Del\u00e9pine, pasteur-fondateur d&rsquo;\u00e9glises ; d&rsquo;actions sociales ; aum\u00f4nier protestant en milieu carc\u00e9ral, de la sant\u00e9 physique et mentale, aux Arm\u00e9es ; &#8230; pour ne citer que ces quelques aspects de ses engagements. Le but &hellip; <a href=\"https:\/\/bernarddelepine.fr\/?page_id=2\">Continuer la lecture <span class=\"meta-nav\">&rarr;<\/span><\/a><\/p>\n","protected":false},"author":1,"featured_media":12,"parent":0,"menu_order":0,"comment_status":"open","ping_status":"open","template":"","meta":{"footnotes":""},"class_list":["post-2","page","type-page","status-publish","has-post-thumbnail","hentry"],"wppr_data":{"cwp_meta_box_check":"No"},"jetpack_sharing_enabled":true,"_links":{"self":[{"href":"https:\/\/bernarddelepine.fr\/index.php?rest_route=\/wp\/v2\/pages\/2","targetHints":{"allow":["GET"]}}],"collection":[{"href":"https:\/\/bernarddelepine.fr\/index.php?rest_route=\/wp\/v2\/pages"}],"about":[{"href":"https:\/\/bernarddelepine.fr\/index.php?rest_route=\/wp\/v2\/types\/page"}],"author":[{"embeddable":true,"href":"https:\/\/bernarddelepine.fr\/index.php?rest_route=\/wp\/v2\/users\/1"}],"replies":[{"embeddable":true,"href":"https:\/\/bernarddelepine.fr\/index.php?rest_route=%2Fwp%2Fv2%2Fcomments&post=2"}],"version-history":[{"count":9,"href":"https:\/\/bernarddelepine.fr\/index.php?rest_route=\/wp\/v2\/pages\/2\/revisions"}],"predecessor-version":[{"id":873,"href":"https:\/\/bernarddelepine.fr\/index.php?rest_route=\/wp\/v2\/pages\/2\/revisions\/873"}],"wp:featuredmedia":[{"embeddable":true,"href":"https:\/\/bernarddelepine.fr\/index.php?rest_route=\/wp\/v2\/media\/12"}],"wp:attachment":[{"href":"https:\/\/bernarddelepine.fr\/index.php?rest_route=%2Fwp%2Fv2%2Fmedia&parent=2"}],"curies":[{"name":"wp","href":"https:\/\/api.w.org\/{rel}","templated":true}]}}